{"id":13,"date":"2015-12-08T16:36:20","date_gmt":"2015-12-08T15:36:20","guid":{"rendered":"http:\/\/wip.mfi-sa.com\/?page_id=13"},"modified":"2016-05-10T13:45:40","modified_gmt":"2016-05-10T12:45:40","slug":"pieces-detachees","status":"publish","type":"page","link":"https:\/\/www.mfi-sa.com\/en\/pieces-detachees\/","title":{"rendered":"Pi\u00e8ces d\u00e9tach\u00e9es"},"content":{"rendered":"<div class=\"iview-container\"><iframe src=\"\/wp-iview\/pieces.php\" id=\"slideshow\"><\/iframe><\/div>\n<p><br \/>\n<\/p>","protected":false},"excerpt":{"rendered":"","protected":false},"author":1,"featured_media":0,"parent":0,"menu_order":0,"comment_status":"closed","ping_status":"closed","template":"","meta":{"footnotes":""},"class_list":["post-13","page","type-page","status-publish","hentry"],"_links":{"self":[{"href":"https:\/\/www.mfi-sa.com\/en\/wp-json\/wp\/v2\/pages\/13","targetHints":{"allow":["GET"]}}],"collection":[{"href":"https:\/\/www.mfi-sa.com\/en\/wp-json\/wp\/v2\/pages"}],"about":[{"href":"https:\/\/www.mfi-sa.com\/en\/wp-json\/wp\/v2\/types\/page"}],"author":[{"embeddable":true,"href":"https:\/\/www.mfi-sa.com\/en\/wp-json\/wp\/v2\/users\/1"}],"replies":[{"embeddable":true,"href":"https:\/\/www.mfi-sa.com\/en\/wp-json\/wp\/v2\/comments?post=13"}],"version-history":[{"count":10,"href":"https:\/\/www.mfi-sa.com\/en\/wp-json\/wp\/v2\/pages\/13\/revisions"}],"predecessor-version":[{"id":223,"href":"https:\/\/www.mfi-sa.com\/en\/wp-json\/wp\/v2\/pages\/13\/revisions\/223"}],"wp:attachment":[{"href":"https:\/\/www.mfi-sa.com\/en\/wp-json\/wp\/v2\/media?parent=13"}],"curies":[{"name":"wp","href":"https:\/\/api.w.org\/{rel}","templated":true}]}}