{"id":7,"date":"2019-01-07T19:00:16","date_gmt":"2019-01-07T18:00:16","guid":{"rendered":"http:\/\/wip.mfi-sa.com\/?page_id=7"},"modified":"2020-07-07T14:09:38","modified_gmt":"2020-07-07T13:09:38","slug":"accueil","status":"publish","type":"page","link":"https:\/\/www.mfi-sa.com\/de\/","title":{"rendered":"Startzeite"},"content":{"rendered":"<p>MFI S.A., wurde 1987 gegr\u00fcndet und ist auf dem internationalen Markt f\u00fcr Ankauf-Verkauf, Vermietung und Mietkauf von gebrauchtem oder neuem Eisenbahnmaterial spezialisiert:<\/p>\n<div id=\"deux\">\n<table border=\"0\" width=\"100%\" cellspacing=\"0\" cellpadding=\"0\" align=\"center\">\n<tbody>\n<tr>\n<td width=\"150\"><a href=\"http:\/\/mfi-sa.com\/wp-content\/uploads\/2015\/12\/loco.gif\" rel=\"attachment wp-att-102\"><img loading=\"lazy\" decoding=\"async\" class=\"framed alignright wp-image-102 size-full\" src=\"http:\/\/www.mfi-sa.com\/wp-content\/uploads\/2015\/12\/loco.gif\" alt=\"locomotive\" width=\"150\" height=\"101\" data-id=\"102\" \/><\/a><\/td>\n<td style=\"text-align: center;\" width=\"200\"><u><\/u><u><a href=\"\/wagons-de-marchandises\/\">Eisenbahng\u00fcterwagen<\/a><\/u><br \/>\n<a href=\"\/engins-de-traction\/\"><u>Lokomotiven<\/u><\/a><br \/>\n<u><a href=\"\/pieces-detachees\/\">Ersatzteilen<\/a><\/u><\/td>\n<td width=\"150\"><a href=\"http:\/\/mfi-sa.com\/wp-content\/uploads\/2015\/12\/wagon.gif\" rel=\"attachment wp-att-101\"><img loading=\"lazy\" decoding=\"async\" class=\"framed alignleft wp-image-101 size-full\" src=\"http:\/\/www.mfi-sa.com\/wp-content\/uploads\/2015\/12\/wagon.gif\" alt=\"wagon\" width=\"150\" height=\"95\" data-id=\"101\" \/><\/a><\/td>\n<\/tr>\n<\/tbody>\n<\/table>\n<hr \/>\n<\/div>\n<div>\n<p style=\"text-align: left;\">Neubau, Modifizierungen sowie Anpassungen werden gem\u00e4\u00df unserem ECM in zertifizierten Konstruktions- und Ausbesserungswerke durchgef\u00fchrt.\u00a0Wir passen uns den Gegebenheiten und Kundenw\u00fcnschen an.<\/p>\n<\/div>\n<div>\n<p style=\"text-align: left;\">Unser technisches und kaufm\u00e4nnisches Team steht Ihnen jederzeit zur Verf\u00fcgung.<\/p>\n<\/div>\n<blockquote>\n<div>\n<p style=\"text-align: center;\">Mat\u00e9riel Ferroviaire et Industriel S.A.<br \/>\nau capital de 489.600 EUROS<br \/>\n5, Boulevard Gambetta &#8211; F-67000 STRASBOURG<br \/>\nTel. : +33 3 88 36 46 42 &#8211; Fax : +33 3 88 25 51 10<\/p>\n<\/div>\n<div style=\"text-align: center;\">E-Mail\u00a0: <a href=\"mailto:info@mfi-sa.com\" rel=\"noreferrer\">info@mfi-sa.com<\/a> \u2013 Web Site \u00a0: <a href=\"\/\">www.mfi-sa.com<\/a><\/div>\n<p>&nbsp;<\/p>\n<div id=\"cinq\" style=\"text-align: center;\"><b>Certifi\u00e9 ISO 9001<\/b><\/div>\n<div id=\"cinq\" style=\"text-align: center;\">ISO 9001 zertifiziert<\/div>\n<div id=\"cinq\" style=\"text-align: center;\">ISO 9001 certified<\/div>\n<\/blockquote>\n<p><\/p>","protected":false},"excerpt":{"rendered":"<p>MFI S.A., wurde 1987 gegr\u00fcndet und ist auf dem internationalen Markt f\u00fcr Ankauf-Verkauf, Vermietung und Mietkauf von gebrauchtem oder neuem Eisenbahnmaterial spezialisiert: Eisenbahng\u00fcterwagen Lokomotiven Ersatzteilen Neubau, Modifizierungen sowie Anpassungen werden gem\u00e4\u00df unserem ECM in zertifizierten Konstruktions- und Ausbesserungswerke durchgef\u00fchrt.\u00a0Wir passen uns den Gegebenheiten und Kundenw\u00fcnschen an. Unser technisches und kaufm\u00e4nnisches Team steht Ihnen jederzeit zur [&hellip;]<\/p>","protected":false},"author":1,"featured_media":0,"parent":0,"menu_order":0,"comment_status":"closed","ping_status":"closed","template":"page-full.php","meta":{"footnotes":""},"class_list":["post-7","page","type-page","status-publish","hentry"],"_links":{"self":[{"href":"https:\/\/www.mfi-sa.com\/de\/wp-json\/wp\/v2\/pages\/7","targetHints":{"allow":["GET"]}}],"collection":[{"href":"https:\/\/www.mfi-sa.com\/de\/wp-json\/wp\/v2\/pages"}],"about":[{"href":"https:\/\/www.mfi-sa.com\/de\/wp-json\/wp\/v2\/types\/page"}],"author":[{"embeddable":true,"href":"https:\/\/www.mfi-sa.com\/de\/wp-json\/wp\/v2\/users\/1"}],"replies":[{"embeddable":true,"href":"https:\/\/www.mfi-sa.com\/de\/wp-json\/wp\/v2\/comments?post=7"}],"version-history":[{"count":44,"href":"https:\/\/www.mfi-sa.com\/de\/wp-json\/wp\/v2\/pages\/7\/revisions"}],"predecessor-version":[{"id":267,"href":"https:\/\/www.mfi-sa.com\/de\/wp-json\/wp\/v2\/pages\/7\/revisions\/267"}],"wp:attachment":[{"href":"https:\/\/www.mfi-sa.com\/de\/wp-json\/wp\/v2\/media?parent=7"}],"curies":[{"name":"wp","href":"https:\/\/api.w.org\/{rel}","templated":true}]}}