{"id":161,"date":"2016-03-14T12:54:02","date_gmt":"2016-03-14T11:54:02","guid":{"rendered":"http:\/\/wip.mfi-sa.com\/?page_id=161"},"modified":"2016-05-10T18:07:07","modified_gmt":"2016-05-10T17:07:07","slug":"nos-competences","status":"publish","type":"page","link":"https:\/\/www.mfi-sa.com\/de\/nos-competences\/","title":{"rendered":"Unsere Kompetenzen"},"content":{"rendered":"<p><\/p>\n<ul>\n<li><strong>unsere Erfahrung seit 1987 f\u00fcr Vertrieb von Eisenbahn G\u00fcterwagen und Zubeh\u00f6r,<\/strong><\/li>\n<li><strong>unser Wagenpark von 4 500 Wagen,<\/strong><\/li>\n<li><strong>Mietleistungen \u201eaus einer Hand\u201c,<\/strong><\/li>\n<li><strong>2 000 Referenzen f\u00fcr Eisenbahnersatzteile,<\/strong><\/li>\n<li><strong>unsere Verf\u00fcgbarkeit und unsere Reaktivit\u00e4t,<\/strong><\/li>\n<li><strong>unsere Kompetenzen im technischen und kaufm\u00e4nnischen Bereich,<\/strong><\/li>\n<li><strong>unser Verbesserungsvorgang (ISO Zertifizierung).<\/strong><\/li>\n<\/ul>\n<p><\/p>","protected":false},"excerpt":{"rendered":"<p>unsere Erfahrung seit 1987 f\u00fcr Vertrieb von Eisenbahn G\u00fcterwagen und Zubeh\u00f6r, unser Wagenpark von 4 500 Wagen, Mietleistungen \u201eaus einer Hand\u201c, 2 000 Referenzen f\u00fcr Eisenbahnersatzteile, unsere Verf\u00fcgbarkeit und unsere Reaktivit\u00e4t, unsere Kompetenzen im technischen und kaufm\u00e4nnischen Bereich, unser Verbesserungsvorgang (ISO Zertifizierung).<\/p>","protected":false},"author":1,"featured_media":0,"parent":0,"menu_order":0,"comment_status":"closed","ping_status":"closed","template":"","meta":{"footnotes":""},"class_list":["post-161","page","type-page","status-publish","hentry"],"_links":{"self":[{"href":"https:\/\/www.mfi-sa.com\/de\/wp-json\/wp\/v2\/pages\/161","targetHints":{"allow":["GET"]}}],"collection":[{"href":"https:\/\/www.mfi-sa.com\/de\/wp-json\/wp\/v2\/pages"}],"about":[{"href":"https:\/\/www.mfi-sa.com\/de\/wp-json\/wp\/v2\/types\/page"}],"author":[{"embeddable":true,"href":"https:\/\/www.mfi-sa.com\/de\/wp-json\/wp\/v2\/users\/1"}],"replies":[{"embeddable":true,"href":"https:\/\/www.mfi-sa.com\/de\/wp-json\/wp\/v2\/comments?post=161"}],"version-history":[{"count":3,"href":"https:\/\/www.mfi-sa.com\/de\/wp-json\/wp\/v2\/pages\/161\/revisions"}],"predecessor-version":[{"id":227,"href":"https:\/\/www.mfi-sa.com\/de\/wp-json\/wp\/v2\/pages\/161\/revisions\/227"}],"wp:attachment":[{"href":"https:\/\/www.mfi-sa.com\/de\/wp-json\/wp\/v2\/media?parent=161"}],"curies":[{"name":"wp","href":"https:\/\/api.w.org\/{rel}","templated":true}]}}